{"id":5441,"date":"2023-07-20T11:51:42","date_gmt":"2023-07-20T11:51:42","guid":{"rendered":"https:\/\/drl.vet\/datenschutzrichtlinie\/"},"modified":"2024-11-27T14:57:15","modified_gmt":"2024-11-27T14:57:15","slug":"datenschutzrichtlinie","status":"publish","type":"page","link":"https:\/\/drl.vet\/de\/datenschutzrichtlinie\/","title":{"rendered":"Datenschutzrichtlinie"},"content":{"rendered":"\t\t<div data-elementor-type=\"wp-page\" data-elementor-id=\"5441\" class=\"elementor elementor-5441 elementor-1373\" data-elementor-post-type=\"page\">\n\t\t\t\t\t\t<section class=\"elementor-section elementor-top-section elementor-element elementor-element-d2e9bab elementor-section-height-min-height elementor-section-items-stretch elementor-section-content-top elementor-section-boxed elementor-section-height-default\" data-id=\"d2e9bab\" data-element_type=\"section\">\n\t\t\t\t\t\t<div class=\"elementor-container elementor-column-gap-default\">\n\t\t\t\t\t<div class=\"elementor-column elementor-col-100 elementor-top-column elementor-element elementor-element-6cce199\" data-id=\"6cce199\" data-element_type=\"column\">\n\t\t\t<div class=\"elementor-widget-wrap elementor-element-populated\">\n\t\t\t\t\t\t<div class=\"elementor-element elementor-element-b41a8b7 elementor-widget elementor-widget-heading\" data-id=\"b41a8b7\" data-element_type=\"widget\" data-widget_type=\"heading.default\">\n\t\t\t\t<div class=\"elementor-widget-container\">\n\t\t\t<h2 class=\"elementor-heading-title elementor-size-default\">Datenschutzrichtlinie<\/h2>\t\t<\/div>\n\t\t\t\t<\/div>\n\t\t\t\t<div class=\"elementor-element elementor-element-2a95686 elementor-widget elementor-widget-heading\" data-id=\"2a95686\" data-element_type=\"widget\" data-widget_type=\"heading.default\">\n\t\t\t\t<div class=\"elementor-widget-container\">\n\t\t\t<h3 class=\"elementor-heading-title elementor-size-default\">\"IHR DATENSAFE\"<\/h3>\t\t<\/div>\n\t\t\t\t<\/div>\n\t\t\t\t<section class=\"elementor-section elementor-inner-section elementor-element elementor-element-d2784f9 elementor-section-boxed elementor-section-height-default elementor-section-height-default\" data-id=\"d2784f9\" data-element_type=\"section\">\n\t\t\t\t\t\t<div class=\"elementor-container elementor-column-gap-default\">\n\t\t\t\t\t<div class=\"elementor-column elementor-col-100 elementor-inner-column elementor-element elementor-element-9f1aa57\" data-id=\"9f1aa57\" data-element_type=\"column\">\n\t\t\t<div class=\"elementor-widget-wrap elementor-element-populated\">\n\t\t\t\t\t\t<div class=\"elementor-element elementor-element-6375f33 elementor-widget elementor-widget-heading\" data-id=\"6375f33\" data-element_type=\"widget\" data-widget_type=\"heading.default\">\n\t\t\t\t<div class=\"elementor-widget-container\">\n\t\t\t<span class=\"elementor-heading-title elementor-size-default\">Informationen in \u00dcbereinstimmung mit den Vorschriften zum Schutz personenbezogener Daten<\/span>\t\t<\/div>\n\t\t\t\t<\/div>\n\t\t\t\t\t<\/div>\n\t\t<\/div>\n\t\t\t\t\t<\/div>\n\t\t<\/section>\n\t\t\t\t<section class=\"elementor-section elementor-inner-section elementor-element elementor-element-a8a6f76 elementor-section-boxed elementor-section-height-default elementor-section-height-default\" data-id=\"a8a6f76\" data-element_type=\"section\">\n\t\t\t\t\t\t<div class=\"elementor-container elementor-column-gap-default\">\n\t\t\t\t\t<div class=\"elementor-column elementor-col-100 elementor-inner-column elementor-element elementor-element-57bd3b7\" data-id=\"57bd3b7\" data-element_type=\"column\">\n\t\t\t<div class=\"elementor-widget-wrap elementor-element-populated\">\n\t\t\t\t\t\t<div class=\"elementor-element elementor-element-9a79c57 elementor-widget elementor-widget-text-editor\" data-id=\"9a79c57\" data-element_type=\"widget\" data-widget_type=\"text-editor.default\">\n\t\t\t\t<div class=\"elementor-widget-container\">\n\t\t\t\t\t\t\t<p>In Europa und Spanien gibt es Datenschutzbestimmungen zum Schutz Ihrer personenbezogenen Daten, die f\u00fcr unser Unternehmen obligatorisch sind.<\/p>\n<p>Daher ist es uns sehr wichtig, dass Sie vollst\u00e4ndig verstehen, was wir mit den personenbezogenen Daten tun, um die wir Sie bitten.<\/p>\n<p>Dies erm\u00f6glicht es uns, transparent zu sein und Ihnen die Kontrolle \u00fcber Ihre Daten zu geben, mit einer einfachen Sprache und klaren Auswahlm\u00f6glichkeiten, die es Ihnen erm\u00f6glichen, zu entscheiden, was wir mit Ihren personenbezogenen Daten tun.<\/p>\n<p>Wenn Sie nach dem Lesen dieser Informationen Fragen haben, z\u00f6gern Sie bitte nicht, uns zu fragen.<\/p>\n<p>Vielen Dank f\u00fcr Ihre Mitarbeit.<\/p>\n\t\t\t\t\t\t<\/div>\n\t\t\t\t<\/div>\n\t\t\t\t<div class=\"elementor-element elementor-element-1efbcf1 elementor-icon-list--layout-traditional elementor-list-item-link-full_width elementor-widget elementor-widget-icon-list\" data-id=\"1efbcf1\" data-element_type=\"widget\" data-widget_type=\"icon-list.default\">\n\t\t\t\t<div class=\"elementor-widget-container\">\n\t\t\t\t\t<ul class=\"elementor-icon-list-items\">\n\t\t\t\t\t\t\t<li class=\"elementor-icon-list-item\">\n\t\t\t\t\t\t\t\t\t\t\t<span class=\"elementor-icon-list-icon\">\n\t\t\t\t\t\t\t<i aria-hidden=\"true\" class=\"fas fa-circle\"><\/i>\t\t\t\t\t\t<\/span>\n\t\t\t\t\t\t\t\t\t\t<span class=\"elementor-icon-list-text\">Wer sind wir?<\/span>\n\t\t\t\t\t\t\t\t\t<\/li>\n\t\t\t\t\t\t<\/ul>\n\t\t\t\t<\/div>\n\t\t\t\t<\/div>\n\t\t\t\t<div class=\"elementor-element elementor-element-12b53c4 elementor-widget elementor-widget-text-editor\" data-id=\"12b53c4\" data-element_type=\"widget\" data-widget_type=\"text-editor.default\">\n\t\t\t\t<div class=\"elementor-widget-container\">\n\t\t\t\t\t\t\t<ul>\n<li>Unser Name: <strong>VETVET EXPORT IMPORT, S.L.<\/strong><\/li>\n<li>Unsere Umsatzsteuer-Identifikationsnummer: <strong>B54514583<\/strong><\/li>\n<li>Unser Kerngesch\u00e4ft: <strong>Tierklinik<\/strong><\/li>\n<li>Unsere Adresse: <strong>C\/ San Emigdio N\u00ba 29 &#8211; Bajo, 03160, Almorad\u00ed (Alicante)<\/strong><\/li>\n<li>Unsere Kontakttelefonnummer: <strong>690845883<\/strong><\/li>\n<li>Unsere Kontakt-E-Mail-Adresse: <strong>office@drl.vet<\/strong><\/li>\n<li>Unsere Website: <strong>www.24hvet.com<\/strong><\/li>\n<\/ul>\n<p>Wir stehen Ihnen gerne zur Verf\u00fcgung, z\u00f6gern Sie nicht, uns zu kontaktieren.<\/p>\n\t\t\t\t\t\t<\/div>\n\t\t\t\t<\/div>\n\t\t\t\t<div class=\"elementor-element elementor-element-0f00fd9 elementor-icon-list--layout-traditional elementor-list-item-link-full_width elementor-widget elementor-widget-icon-list\" data-id=\"0f00fd9\" data-element_type=\"widget\" data-widget_type=\"icon-list.default\">\n\t\t\t\t<div class=\"elementor-widget-container\">\n\t\t\t\t\t<ul class=\"elementor-icon-list-items\">\n\t\t\t\t\t\t\t<li class=\"elementor-icon-list-item\">\n\t\t\t\t\t\t\t\t\t\t\t<span class=\"elementor-icon-list-icon\">\n\t\t\t\t\t\t\t<i aria-hidden=\"true\" class=\"fas fa-circle\"><\/i>\t\t\t\t\t\t<\/span>\n\t\t\t\t\t\t\t\t\t\t<span class=\"elementor-icon-list-text\">Wof\u00fcr werden wir Ihre Daten verwenden?<\/span>\n\t\t\t\t\t\t\t\t\t<\/li>\n\t\t\t\t\t\t<\/ul>\n\t\t\t\t<\/div>\n\t\t\t\t<\/div>\n\t\t\t\t<div class=\"elementor-element elementor-element-29ba717 elementor-widget elementor-widget-text-editor\" data-id=\"29ba717\" data-element_type=\"widget\" data-widget_type=\"text-editor.default\">\n\t\t\t\t<div class=\"elementor-widget-container\">\n\t\t\t\t\t\t\t<p>Im Allgemeinen werden Ihre personenbezogenen Daten verwendet, um eine Beziehung zu Ihnen aufbauen zu k\u00f6nnen und Ihnen unsere Dienstleistungen anbieten zu k\u00f6nnen.<br \/>Sie k\u00f6nnen auch f\u00fcr andere Aktivit\u00e4ten verwendet werden, z. B. f\u00fcr das Senden von Werbung oder das Bewerben unserer Aktivit\u00e4ten.<\/p>\n\t\t\t\t\t\t<\/div>\n\t\t\t\t<\/div>\n\t\t\t\t<div class=\"elementor-element elementor-element-f3d5a06 elementor-icon-list--layout-traditional elementor-list-item-link-full_width elementor-widget elementor-widget-icon-list\" data-id=\"f3d5a06\" data-element_type=\"widget\" data-widget_type=\"icon-list.default\">\n\t\t\t\t<div class=\"elementor-widget-container\">\n\t\t\t\t\t<ul class=\"elementor-icon-list-items\">\n\t\t\t\t\t\t\t<li class=\"elementor-icon-list-item\">\n\t\t\t\t\t\t\t\t\t\t\t<span class=\"elementor-icon-list-icon\">\n\t\t\t\t\t\t\t<i aria-hidden=\"true\" class=\"fas fa-circle\"><\/i>\t\t\t\t\t\t<\/span>\n\t\t\t\t\t\t\t\t\t\t<span class=\"elementor-icon-list-text\">Warum m\u00fcssen wir Ihre Daten verwenden?<\/span>\n\t\t\t\t\t\t\t\t\t<\/li>\n\t\t\t\t\t\t<\/ul>\n\t\t\t\t<\/div>\n\t\t\t\t<\/div>\n\t\t\t\t<div class=\"elementor-element elementor-element-a87b805 elementor-widget elementor-widget-text-editor\" data-id=\"a87b805\" data-element_type=\"widget\" data-widget_type=\"text-editor.default\">\n\t\t\t\t<div class=\"elementor-widget-container\">\n\t\t\t\t\t\t\t<p>Ihre personenbezogenen Daten sind notwendig, um mit Ihnen interagieren zu k\u00f6nnen und Ihnen unsere Dienstleistungen anbieten zu k\u00f6nnen. In diesem Zusammenhang stellen wir Ihnen eine Reihe von Boxen zur Verf\u00fcgung, mit denen Sie klar und einfach \u00fcber die Verwendung Ihrer personenbezogenen Daten entscheiden k\u00f6nnen. <\/p>\n\t\t\t\t\t\t<\/div>\n\t\t\t\t<\/div>\n\t\t\t\t<div class=\"elementor-element elementor-element-b4d28b5 elementor-icon-list--layout-traditional elementor-list-item-link-full_width elementor-widget elementor-widget-icon-list\" data-id=\"b4d28b5\" data-element_type=\"widget\" data-widget_type=\"icon-list.default\">\n\t\t\t\t<div class=\"elementor-widget-container\">\n\t\t\t\t\t<ul class=\"elementor-icon-list-items\">\n\t\t\t\t\t\t\t<li class=\"elementor-icon-list-item\">\n\t\t\t\t\t\t\t\t\t\t\t<span class=\"elementor-icon-list-icon\">\n\t\t\t\t\t\t\t<i aria-hidden=\"true\" class=\"fas fa-circle\"><\/i>\t\t\t\t\t\t<\/span>\n\t\t\t\t\t\t\t\t\t\t<span class=\"elementor-icon-list-text\">Wer wird die Informationen erfahren, nach denen wir fragen?<\/span>\n\t\t\t\t\t\t\t\t\t<\/li>\n\t\t\t\t\t\t<\/ul>\n\t\t\t\t<\/div>\n\t\t\t\t<\/div>\n\t\t\t\t<div class=\"elementor-element elementor-element-688d533 elementor-widget elementor-widget-text-editor\" data-id=\"688d533\" data-element_type=\"widget\" data-widget_type=\"text-editor.default\">\n\t\t\t\t<div class=\"elementor-widget-container\">\n\t\t\t\t\t\t\t<p>Im Allgemeinen k\u00f6nnen nur die Mitarbeiter unseres Unternehmens, die ordnungsgem\u00e4\u00df autorisiert sind, die von uns angeforderten Informationen kennen.<\/p>\n<p>Ebenso k\u00f6nnen diejenigen Unternehmen, die Zugriff darauf haben m\u00fcssen, damit wir Ihnen unsere Dienstleistungen anbieten k\u00f6nnen, Kenntnis von Ihren personenbezogenen Daten erhalten. Unsere Bank kennt beispielsweise Ihre Daten, wenn die Zahlung f\u00fcr unsere Dienstleistungen per Karte oder Bank\u00fcberweisung erfolgt. <\/p>\n<p>Ebenso werden diejenigen \u00f6ffentlichen oder privaten Stellen, denen wir aufgrund der Einhaltung von Gesetzen verpflichtet sind, Ihre personenbezogenen Daten zur Verf\u00fcgung zu stellen, Kenntnis von Ihren Daten haben. Um Ihnen ein Beispiel zu geben: Das Steuergesetz verlangt von Ihnen, dass Sie der Steuerbeh\u00f6rde bestimmte Informationen \u00fcber wirtschaftliche Transaktionen zur Verf\u00fcgung stellen, die einen bestimmten Betrag \u00fcberschreiten. <\/p>\n<p>F\u00fcr den Fall, dass wir, abgesehen von den genannten F\u00e4llen, Ihre personenbezogenen Daten an andere Unternehmen weitergeben m\u00fcssen, werden wir Sie um Ihre vorherige Zustimmung bitten, und zwar durch klare Optionen, die es Ihnen erm\u00f6glichen, in dieser Hinsicht zu entscheiden.<\/p>\n\t\t\t\t\t\t<\/div>\n\t\t\t\t<\/div>\n\t\t\t\t<div class=\"elementor-element elementor-element-dcc6e23 elementor-icon-list--layout-traditional elementor-list-item-link-full_width elementor-widget elementor-widget-icon-list\" data-id=\"dcc6e23\" data-element_type=\"widget\" data-widget_type=\"icon-list.default\">\n\t\t\t\t<div class=\"elementor-widget-container\">\n\t\t\t\t\t<ul class=\"elementor-icon-list-items\">\n\t\t\t\t\t\t\t<li class=\"elementor-icon-list-item\">\n\t\t\t\t\t\t\t\t\t\t\t<span class=\"elementor-icon-list-icon\">\n\t\t\t\t\t\t\t<i aria-hidden=\"true\" class=\"fas fa-circle\"><\/i>\t\t\t\t\t\t<\/span>\n\t\t\t\t\t\t\t\t\t\t<span class=\"elementor-icon-list-text\">Wie sch\u00fctzen wir Ihre Daten?<\/span>\n\t\t\t\t\t\t\t\t\t<\/li>\n\t\t\t\t\t\t<\/ul>\n\t\t\t\t<\/div>\n\t\t\t\t<\/div>\n\t\t\t\t<div class=\"elementor-element elementor-element-102c45b elementor-widget elementor-widget-text-editor\" data-id=\"102c45b\" data-element_type=\"widget\" data-widget_type=\"text-editor.default\">\n\t\t\t\t<div class=\"elementor-widget-container\">\n\t\t\t\t\t\t\t<p>Wir sch\u00fctzen Ihre Daten mit wirksamen Sicherheitsma\u00dfnahmen, die auf den Risiken basieren, die mit der Verwendung Ihrer Daten verbunden sind.<\/p>\n<p>Zu diesem Zweck hat unser Unternehmen eine Datenschutzrichtlinie verabschiedet und es werden j\u00e4hrliche Kontrollen und Audits durchgef\u00fchrt, um sicherzustellen, dass Ihre personenbezogenen Daten jederzeit sicher sind.<\/p>\n\t\t\t\t\t\t<\/div>\n\t\t\t\t<\/div>\n\t\t\t\t<div class=\"elementor-element elementor-element-94933d1 elementor-icon-list--layout-traditional elementor-list-item-link-full_width elementor-widget elementor-widget-icon-list\" data-id=\"94933d1\" data-element_type=\"widget\" data-widget_type=\"icon-list.default\">\n\t\t\t\t<div class=\"elementor-widget-container\">\n\t\t\t\t\t<ul class=\"elementor-icon-list-items\">\n\t\t\t\t\t\t\t<li class=\"elementor-icon-list-item\">\n\t\t\t\t\t\t\t\t\t\t\t<span class=\"elementor-icon-list-icon\">\n\t\t\t\t\t\t\t<i aria-hidden=\"true\" class=\"fas fa-circle\"><\/i>\t\t\t\t\t\t<\/span>\n\t\t\t\t\t\t\t\t\t\t<span class=\"elementor-icon-list-text\">Werden wir Ihre Daten in andere L\u00e4nder senden?<\/span>\n\t\t\t\t\t\t\t\t\t<\/li>\n\t\t\t\t\t\t<\/ul>\n\t\t\t\t<\/div>\n\t\t\t\t<\/div>\n\t\t\t\t<div class=\"elementor-element elementor-element-ea9ed53 elementor-widget elementor-widget-text-editor\" data-id=\"ea9ed53\" data-element_type=\"widget\" data-widget_type=\"text-editor.default\">\n\t\t\t\t<div class=\"elementor-widget-container\">\n\t\t\t\t\t\t\t<p>Auf der Welt gibt es L\u00e4nder, die f\u00fcr ihre Daten sicher sind, und andere, die nicht so sicher sind. Zum Beispiel ist die Europ\u00e4ische Union eine sichere Umgebung f\u00fcr Ihre Daten. <\/p>\n<p>Es ist unsere Politik, Ihre personenbezogenen Daten nicht in ein Land zu senden, das unter dem Gesichtspunkt des Schutzes Ihrer Daten nicht sicher ist.<br \/>F\u00fcr den Fall, dass es f\u00fcr die Erbringung der Dienstleistung unerl\u00e4sslich ist, Ihre Daten in ein Land zu senden, das nicht so sicher ist wie Spanien, werden wir Sie immer um Ihre vorherige Erlaubnis bitten und wirksame Sicherheitsma\u00dfnahmen anwenden, die das Risiko der \u00dcbermittlung Ihrer personenbezogenen Daten in ein anderes Land verringern.  <\/p>\n\t\t\t\t\t\t<\/div>\n\t\t\t\t<\/div>\n\t\t\t\t<div class=\"elementor-element elementor-element-4609344 elementor-icon-list--layout-traditional elementor-list-item-link-full_width elementor-widget elementor-widget-icon-list\" data-id=\"4609344\" data-element_type=\"widget\" data-widget_type=\"icon-list.default\">\n\t\t\t\t<div class=\"elementor-widget-container\">\n\t\t\t\t\t<ul class=\"elementor-icon-list-items\">\n\t\t\t\t\t\t\t<li class=\"elementor-icon-list-item\">\n\t\t\t\t\t\t\t\t\t\t\t<span class=\"elementor-icon-list-icon\">\n\t\t\t\t\t\t\t<i aria-hidden=\"true\" class=\"fas fa-circle\"><\/i>\t\t\t\t\t\t<\/span>\n\t\t\t\t\t\t\t\t\t\t<span class=\"elementor-icon-list-text\">Wie lange bewahren wir Ihre Daten auf?<\/span>\n\t\t\t\t\t\t\t\t\t<\/li>\n\t\t\t\t\t\t<\/ul>\n\t\t\t\t<\/div>\n\t\t\t\t<\/div>\n\t\t\t\t<div class=\"elementor-element elementor-element-1e9c667 elementor-widget elementor-widget-text-editor\" data-id=\"1e9c667\" data-element_type=\"widget\" data-widget_type=\"text-editor.default\">\n\t\t\t\t<div class=\"elementor-widget-container\">\n\t\t\t\t\t\t\t<p>Wir bewahren Ihre Daten f\u00fcr die Dauer unserer Beziehung und so lange auf, wie wir gesetzlich dazu verpflichtet sind. Nach Ablauf der geltenden gesetzlichen Fristen werden wir diese sicher und umweltgerecht entsorgen. <\/p>\n\t\t\t\t\t\t<\/div>\n\t\t\t\t<\/div>\n\t\t\t\t<div class=\"elementor-element elementor-element-fe8035f elementor-icon-list--layout-traditional elementor-list-item-link-full_width elementor-widget elementor-widget-icon-list\" data-id=\"fe8035f\" data-element_type=\"widget\" data-widget_type=\"icon-list.default\">\n\t\t\t\t<div class=\"elementor-widget-container\">\n\t\t\t\t\t<ul class=\"elementor-icon-list-items\">\n\t\t\t\t\t\t\t<li class=\"elementor-icon-list-item\">\n\t\t\t\t\t\t\t\t\t\t\t<span class=\"elementor-icon-list-icon\">\n\t\t\t\t\t\t\t<i aria-hidden=\"true\" class=\"fas fa-circle\"><\/i>\t\t\t\t\t\t<\/span>\n\t\t\t\t\t\t\t\t\t\t<span class=\"elementor-icon-list-text\">Welche Datenschutzrechte haben Sie?<\/span>\n\t\t\t\t\t\t\t\t\t<\/li>\n\t\t\t\t\t\t<\/ul>\n\t\t\t\t<\/div>\n\t\t\t\t<\/div>\n\t\t\t\t<div class=\"elementor-element elementor-element-15625d9 elementor-widget elementor-widget-text-editor\" data-id=\"15625d9\" data-element_type=\"widget\" data-widget_type=\"text-editor.default\">\n\t\t\t\t<div class=\"elementor-widget-container\">\n\t\t\t\t\t\t\t<p>Sie k\u00f6nnen sich jederzeit an uns wenden, um herauszufinden, welche Informationen wir \u00fcber Sie haben, diese zu berichtigen, wenn sie falsch sind, und sie nach Beendigung unserer Beziehung zu l\u00f6schen, wenn dies rechtlich m\u00f6glich ist.<\/p>\n<p>Sie haben auch das Recht, die \u00dcbertragung Ihrer Daten an eine andere Stelle zu verlangen. Dieses Recht wird als &#8222;Portabilit\u00e4t&#8220; bezeichnet und kann in bestimmten Situationen n\u00fctzlich sein. <\/p>\n<p>Um eines dieser Rechte geltend zu machen, m\u00fcssen Sie einen schriftlichen Antrag an unsere Adresse stellen, zusammen mit einer Fotokopie Ihres Personalausweises, um Sie zu identifizieren.<\/p>\n<p>In den B\u00fcros unserer Bank haben wir spezielle Formulare, um diese Rechte zu beantragen, und wir bieten unsere Hilfe beim Ausf\u00fcllen an.<\/p>\n<p>Um mehr \u00fcber Ihre Datenschutzrechte zu erfahren, k\u00f6nnen Sie die Website der spanischen Datenschutzbeh\u00f6rde (www.agpd.es) konsultieren.<\/p>\n\t\t\t\t\t\t<\/div>\n\t\t\t\t<\/div>\n\t\t\t\t<div class=\"elementor-element elementor-element-aa8b8a7 elementor-icon-list--layout-traditional elementor-list-item-link-full_width elementor-widget elementor-widget-icon-list\" data-id=\"aa8b8a7\" data-element_type=\"widget\" data-widget_type=\"icon-list.default\">\n\t\t\t\t<div class=\"elementor-widget-container\">\n\t\t\t\t\t<ul class=\"elementor-icon-list-items\">\n\t\t\t\t\t\t\t<li class=\"elementor-icon-list-item\">\n\t\t\t\t\t\t\t\t\t\t\t<span class=\"elementor-icon-list-icon\">\n\t\t\t\t\t\t\t<i aria-hidden=\"true\" class=\"fas fa-circle\"><\/i>\t\t\t\t\t\t<\/span>\n\t\t\t\t\t\t\t\t\t\t<span class=\"elementor-icon-list-text\">K\u00f6nnen Sie Ihre Einwilligung widerrufen, wenn Sie Ihre Meinung zu einem sp\u00e4teren Zeitpunkt \u00e4ndern?<\/span>\n\t\t\t\t\t\t\t\t\t<\/li>\n\t\t\t\t\t\t<\/ul>\n\t\t\t\t<\/div>\n\t\t\t\t<\/div>\n\t\t\t\t<div class=\"elementor-element elementor-element-0839fd9 elementor-widget elementor-widget-text-editor\" data-id=\"0839fd9\" data-element_type=\"widget\" data-widget_type=\"text-editor.default\">\n\t\t\t\t<div class=\"elementor-widget-container\">\n\t\t\t\t\t\t\t<p>Sie k\u00f6nnen Ihre Einwilligung jederzeit widerrufen, wenn Sie Ihre Meinung \u00fcber die Verwendung Ihrer Daten \u00e4ndern.<\/p>\n<p>Wenn Sie beispielsweise daran interessiert waren, Werbung f\u00fcr unsere Produkte oder Dienstleistungen zu erhalten, aber keine Werbung mehr erhalten m\u00f6chten, k\u00f6nnen Sie uns dies \u00fcber das Widerspruchsformular mitteilen, das in den Gesch\u00e4ftsstellen unserer Bank erh\u00e4ltlich ist.<\/p>\n\t\t\t\t\t\t<\/div>\n\t\t\t\t<\/div>\n\t\t\t\t<div class=\"elementor-element elementor-element-082933c elementor-icon-list--layout-traditional elementor-list-item-link-full_width elementor-widget elementor-widget-icon-list\" data-id=\"082933c\" data-element_type=\"widget\" data-widget_type=\"icon-list.default\">\n\t\t\t\t<div class=\"elementor-widget-container\">\n\t\t\t\t\t<ul class=\"elementor-icon-list-items\">\n\t\t\t\t\t\t\t<li class=\"elementor-icon-list-item\">\n\t\t\t\t\t\t\t\t\t\t\t<span class=\"elementor-icon-list-icon\">\n\t\t\t\t\t\t\t<i aria-hidden=\"true\" class=\"fas fa-circle\"><\/i>\t\t\t\t\t\t<\/span>\n\t\t\t\t\t\t\t\t\t\t<span class=\"elementor-icon-list-text\">Wenn Sie der Meinung sind, dass Ihre Rechte vernachl\u00e4ssigt wurden, wo k\u00f6nnen Sie einen Anspruch geltend machen?<\/span>\n\t\t\t\t\t\t\t\t\t<\/li>\n\t\t\t\t\t\t<\/ul>\n\t\t\t\t<\/div>\n\t\t\t\t<\/div>\n\t\t\t\t<div class=\"elementor-element elementor-element-e8dd72c elementor-widget elementor-widget-text-editor\" data-id=\"e8dd72c\" data-element_type=\"widget\" data-widget_type=\"text-editor.default\">\n\t\t\t\t<div class=\"elementor-widget-container\">\n\t\t\t\t\t\t\t<p>F\u00fcr den Fall, dass Sie verstehen, dass Ihre Rechte von unserem Unternehmen missachtet wurden, k\u00f6nnen Sie auf einem der folgenden Wege eine Beschwerde bei der spanischen Datenschutzbeh\u00f6rde einreichen:<\/p>\n<ul>\n<li>Elektronisches B\u00fcro: www.agpd.es<\/li>\n<li>Postanschrift: Spanische Datenschutzbeh\u00f6rde. C\/ Jorge Juan N\u00ba 6, 28001, Madrid <\/li>\n<li>Per Telefon: Tel. 901 100 099 | Tel. 912 663 517  <\/li>\n<\/ul>\n\t\t\t\t\t\t<\/div>\n\t\t\t\t<\/div>\n\t\t\t\t<div class=\"elementor-element elementor-element-3dae7be elementor-widget elementor-widget-text-editor\" data-id=\"3dae7be\" data-element_type=\"widget\" data-widget_type=\"text-editor.default\">\n\t\t\t\t<div class=\"elementor-widget-container\">\n\t\t\t\t\t\t\t<p>Die Einreichung einer Beschwerde bei der spanischen Datenschutzbeh\u00f6rde ist mit keinen Kosten verbunden und die Unterst\u00fctzung durch einen Anwalt oder Notar ist nicht erforderlich.<\/p>\n\t\t\t\t\t\t<\/div>\n\t\t\t\t<\/div>\n\t\t\t\t<div class=\"elementor-element elementor-element-890eca2 elementor-icon-list--layout-traditional elementor-list-item-link-full_width elementor-widget elementor-widget-icon-list\" data-id=\"890eca2\" data-element_type=\"widget\" data-widget_type=\"icon-list.default\">\n\t\t\t\t<div class=\"elementor-widget-container\">\n\t\t\t\t\t<ul class=\"elementor-icon-list-items\">\n\t\t\t\t\t\t\t<li class=\"elementor-icon-list-item\">\n\t\t\t\t\t\t\t\t\t\t\t<span class=\"elementor-icon-list-icon\">\n\t\t\t\t\t\t\t<i aria-hidden=\"true\" class=\"fas fa-circle\"><\/i>\t\t\t\t\t\t<\/span>\n\t\t\t\t\t\t\t\t\t\t<span class=\"elementor-icon-list-text\">Werden wir Profile \u00fcber Sie erstellen?<\/span>\n\t\t\t\t\t\t\t\t\t<\/li>\n\t\t\t\t\t\t<\/ul>\n\t\t\t\t<\/div>\n\t\t\t\t<\/div>\n\t\t\t\t<div class=\"elementor-element elementor-element-03a2bc3 elementor-widget elementor-widget-text-editor\" data-id=\"03a2bc3\" data-element_type=\"widget\" data-widget_type=\"text-editor.default\">\n\t\t\t\t<div class=\"elementor-widget-container\">\n\t\t\t\t\t\t\t<p>Es ist unsere Politik, keine Profile von Nutzern unserer Dienste zu erstellen.<\/p>\n<p>Es kann jedoch Situationen geben, in denen wir f\u00fcr die Erbringung von Dienstleistungen, gesch\u00e4ftliche oder andere Zwecke ein Profil von Informationen \u00fcber Sie erstellen m\u00fcssen. Ein Beispiel k\u00f6nnte die Verwendung Ihrer Kauf- oder Servicehistorie sein, um Ihnen Produkte oder Dienstleistungen anbieten zu k\u00f6nnen, die auf Ihren Geschmack oder Ihre Bed\u00fcrfnisse zugeschnitten sind. <\/p>\n<p>In einem solchen Fall werden wir wirksame Sicherheitsma\u00dfnahmen ergreifen, die Ihre Daten jederzeit vor unbefugten Personen sch\u00fctzen, die beabsichtigen, sie zu ihrem eigenen Vorteil zu verwenden.<\/p>\n\t\t\t\t\t\t<\/div>\n\t\t\t\t<\/div>\n\t\t\t\t<div class=\"elementor-element elementor-element-c649230 elementor-icon-list--layout-traditional elementor-list-item-link-full_width elementor-widget elementor-widget-icon-list\" data-id=\"c649230\" data-element_type=\"widget\" data-widget_type=\"icon-list.default\">\n\t\t\t\t<div class=\"elementor-widget-container\">\n\t\t\t\t\t<ul class=\"elementor-icon-list-items\">\n\t\t\t\t\t\t\t<li class=\"elementor-icon-list-item\">\n\t\t\t\t\t\t\t\t\t\t\t<span class=\"elementor-icon-list-icon\">\n\t\t\t\t\t\t\t<i aria-hidden=\"true\" class=\"fas fa-circle\"><\/i>\t\t\t\t\t\t<\/span>\n\t\t\t\t\t\t\t\t\t\t<span class=\"elementor-icon-list-text\">Werden wir Ihre Daten f\u00fcr andere Zwecke verwenden?<\/span>\n\t\t\t\t\t\t\t\t\t<\/li>\n\t\t\t\t\t\t<\/ul>\n\t\t\t\t<\/div>\n\t\t\t\t<\/div>\n\t\t\t\t<div class=\"elementor-element elementor-element-e3ced19 elementor-widget elementor-widget-text-editor\" data-id=\"e3ced19\" data-element_type=\"widget\" data-widget_type=\"text-editor.default\">\n\t\t\t\t<div class=\"elementor-widget-container\">\n\t\t\t\t\t\t\t<p>Es ist unsere Politik, Ihre Daten nicht f\u00fcr andere Zwecke als die zu verwenden, die wir Ihnen erl\u00e4utert haben. Wenn wir Ihre Daten jedoch f\u00fcr verschiedene Aktivit\u00e4ten verwenden m\u00fcssen, werden wir Sie immer im Voraus um Ihre Erlaubnis bitten, und zwar durch klare Optionen, die es Ihnen erm\u00f6glichen, dar\u00fcber zu entscheiden. <\/p>\n\t\t\t\t\t\t<\/div>\n\t\t\t\t<\/div>\n\t\t\t\t\t<\/div>\n\t\t<\/div>\n\t\t\t\t\t<\/div>\n\t\t<\/section>\n\t\t\t\t\t<\/div>\n\t\t<\/div>\n\t\t\t\t\t<\/div>\n\t\t<\/section>\n\t\t\t\t<\/div>\n\t\t","protected":false},"excerpt":{"rendered":"<p>Datenschutzrichtlinie &#8222;IHR DATENSAFE&#8220; Informationen in \u00dcbereinstimmung mit den Vorschriften zum Schutz personenbezogener Daten In Europa und Spanien gibt es Datenschutzbestimmungen zum Schutz Ihrer personenbezogenen Daten, die f\u00fcr unser Unternehmen obligatorisch sind. Daher ist es uns sehr wichtig, dass Sie vollst\u00e4ndig verstehen, was wir mit den personenbezogenen Daten tun, um die wir Sie bitten. Dies erm\u00f6glicht [&hellip;]<\/p>\n","protected":false},"author":1,"featured_media":0,"parent":0,"menu_order":0,"comment_status":"closed","ping_status":"closed","template":"","meta":{"footnotes":""},"class_list":["post-5441","page","type-page","status-publish","hentry"],"aioseo_notices":[],"_links":{"self":[{"href":"https:\/\/drl.vet\/de\/wp-json\/wp\/v2\/pages\/5441","targetHints":{"allow":["GET"]}}],"collection":[{"href":"https:\/\/drl.vet\/de\/wp-json\/wp\/v2\/pages"}],"about":[{"href":"https:\/\/drl.vet\/de\/wp-json\/wp\/v2\/types\/page"}],"author":[{"embeddable":true,"href":"https:\/\/drl.vet\/de\/wp-json\/wp\/v2\/users\/1"}],"replies":[{"embeddable":true,"href":"https:\/\/drl.vet\/de\/wp-json\/wp\/v2\/comments?post=5441"}],"version-history":[{"count":2,"href":"https:\/\/drl.vet\/de\/wp-json\/wp\/v2\/pages\/5441\/revisions"}],"predecessor-version":[{"id":5443,"href":"https:\/\/drl.vet\/de\/wp-json\/wp\/v2\/pages\/5441\/revisions\/5443"}],"wp:attachment":[{"href":"https:\/\/drl.vet\/de\/wp-json\/wp\/v2\/media?parent=5441"}],"curies":[{"name":"wp","href":"https:\/\/api.w.org\/{rel}","templated":true}]}}